{"id":36,"date":"2020-12-25T15:11:16","date_gmt":"2020-12-25T18:11:16","guid":{"rendered":"http:\/\/sw-themes.com\/porto_dummy\/auto-services\/?page_id=36"},"modified":"2022-06-16T12:48:30","modified_gmt":"2022-06-16T15:48:30","slug":"troca-de-pneu","status":"publish","type":"page","link":"https:\/\/starguinchos.com.br\/index.php\/servicos\/troca-de-pneu\/","title":{"rendered":"Troca de Pneu"},"content":{"rendered":"<p>[vc_row wrap_container=&#8221;yes&#8221;][vc_column el_class=&#8221;order-lg-2&#8243; offset=&#8221;vc_col-lg-8 vc_col-md-8&#8243;][vc_column_text css=&#8221;.vc_custom_1655394512723{margin-bottom: 20px !important;}&#8221;]<\/p>\n<h1>Guincho Sorocaba<\/h1>\n<p>&nbsp;<\/p>\n<p>Pneu furou?<br \/>\nSem problema a Star Guincho envia um ve\u00edculo auxiliar para que voc\u00ea n\u00e3o precise se preocupar com isso&#8230;deixe o servi\u00e7o pesado com a gente[\/vc_column_text][porto_ultimate_content_box box_shadow=&#8221;horizontal:px|vertical:px|blur:px|spread:px|style:none|&#8221; el_class=&#8221;bg-primary py-5 custom-border-radius-1&#8243; hover_box_shadow=&#8221;horizontal:px|vertical:px|blur:px|spread:px|style:inherit|&#8221; css_contentbox=&#8221;.vc_custom_1640813573101{padding-right: 2rem !important;padding-left: 2rem !important;}&#8221;][vc_custom_heading text=&#8221;PRECISA DE NOSSOS SERVI\u00c7OS?&#8221; font_container=&#8221;tag:h3|font_size:14px|text_align:center|color:%23ffffff|line_height:1&#8243; use_theme_fonts=&#8221;yes&#8221; font_weight=&#8221;500&#8243; letter_spacing=&#8221;-0.7px&#8221; el_class=&#8221;ls-0 mb-3 pb-1 mt-2 text-center&#8221;][vc_custom_heading text=&#8221;Atendimento imediato.&#8221; font_container=&#8221;tag:h3|font_size:32.2px|text_align:center|color:%23ffffff|line_height:1.3&#8243; use_theme_fonts=&#8221;yes&#8221; font_weight=&#8221;700&#8243; letter_spacing=&#8221;-1.61px&#8221; el_class=&#8221;mb-3 text-center&#8221;][vc_custom_heading text=&#8221;Entre em contato agora mesmo!&#8221; font_container=&#8221;tag:p|font_size:16.8px|text_align:center|color:rgba(255%2C255%2C255%2C0.7)|line_height:26px&#8221; use_theme_fonts=&#8221;yes&#8221; font_weight=&#8221;700&#8243; el_class=&#8221;mb-5 text-center&#8221;][porto_info_box icon_type=&#8221;simpleline&#8221; icon_size=&#8221;36&#8243; icon_border_radius=&#8221;500&#8243; subtitle=&#8221;(15) 3213-3391&#8243; heading_tag=&#8221;h5&#8243; title_font_style=&#8221;500&#8243; subtitle_font_style=&#8221;700&#8243; icon_simpleline=&#8221;Simple-Line-Icons-phone&#8221; icon_color=&#8221;#ffffff&#8221; title_font_size=&#8221;16.8px&#8221; title_font_line_height=&#8221;1.2&#8243; title_font_color=&#8221;#ffffff&#8221; subtitle_font_size=&#8221;25.2px&#8221; subtitle_font_line_height=&#8221;1.2&#8243; subtitle_font_color=&#8221;#ffffff&#8221; el_class=&#8221;custom-view-more mb-4 justify-content-center&#8221; icon_margin_right=&#8221;0px&#8221; title_margin_bottom=&#8221;4px&#8221; title_font_letter_spacing=&#8221;0&#8243; subtitle_font_letter_spacing=&#8221;0&#8243;][\/porto_info_box][vc_btn title=&#8221;Socorro 24 horas&#8221; shape=&#8221;rounded&#8221; align=&#8221;left&#8221; skin=&#8221;light&#8221; btn_fs=&#8221;0.8rem&#8221; btn_fw=&#8221;700&#8243; btn_ls=&#8221;0&#8243; el_cls=&#8221;btn-borders&#8221; animation_delay=&#8221;1500&#8243; link=&#8221;url:tel%3A%2B551532133391&#8243; btn_px=&#8221;2.4rem&#8221; btn_py=&#8221;1.282rem&#8221; el_class=&#8221;mb-2 text-center&#8221;][\/porto_ultimate_content_box][\/vc_column][vc_column el_class=&#8221;card-section order-lg-1&#8243; offset=&#8221;vc_col-lg-4 vc_col-md-4&#8243;][porto_ultimate_content_box box_shadow=&#8221;horizontal:px|vertical:px|blur:px|spread:px|style:none|&#8221; hover_box_shadow=&#8221;horizontal:px|vertical:px|blur:px|spread:px|style:inherit|&#8221; css_contentbox=&#8221;.vc_custom_1640813435198{background-color: #ffffff !important;border-radius: 4px !important;}&#8221; el_class=&#8221;card py-5 mb-5 box-shadow-1 custom-border-radius-1&#8243;][vc_wp_custommenu title=&#8221;Todos os servi\u00e7os&#8221; nav_menu=&#8221;29&#8243; el_class=&#8221;mb-0&#8243;][\/porto_ultimate_content_box][\/vc_column][\/vc_row]<\/p>\n","protected":false},"excerpt":{"rendered":"<p>[vc_row wrap_container=&#8221;yes&#8221;][vc_column el_class=&#8221;order-lg-2&#8243; offset=&#8221;vc_col-lg-8 vc_col-md-8&#8243;][vc_column_text css=&#8221;.vc_custom_1655394512723{margin-bottom: 20px !important;}&#8221;] Guincho Sorocaba &nbsp; Pneu furou? Sem problema a Star Guincho envia um ve\u00edculo auxiliar para que voc\u00ea n\u00e3o precise se preocupar com isso&#8230;deixe o servi\u00e7o pesado com a gente[\/vc_column_text][porto_ultimate_content_box box_shadow=&#8221;horizontal:px|vertical:px|blur:px|spread:px|style:none|&#8221; el_class=&#8221;bg-primary py-5 custom-border-radius-1&#8243; hover_box_shadow=&#8221;horizontal:px|vertical:px|blur:px|spread:px|style:inherit|&#8221; css_contentbox=&#8221;.vc_custom_1640813573101{padding-right: 2rem !important;padding-left: 2rem !important;}&#8221;][vc_custom_heading text=&#8221;PRECISA DE NOSSOS SERVI\u00c7OS?&#8221; font_container=&#8221;tag:h3|font_size:14px|text_align:center|color:%23ffffff|line_height:1&#8243; use_theme_fonts=&#8221;yes&#8221; font_weight=&#8221;500&#8243; letter_spacing=&#8221;-0.7px&#8221; [&hellip;]<\/p>\n","protected":false},"author":1,"featured_media":0,"parent":16,"menu_order":0,"comment_status":"closed","ping_status":"closed","template":"","meta":{"_joinchat":[],"footnotes":""},"class_list":["post-36","page","type-page","status-publish","hentry"],"yoast_head":"<!-- This site is optimized with the Yoast SEO plugin v27.3 - https:\/\/yoast.com\/product\/yoast-seo-wordpress\/ -->\n<title>Troca de Pneu - Star Guinchos<\/title>\n<meta name=\"robots\" content=\"index, follow, max-snippet:-1, max-image-preview:large, max-video-preview:-1\" \/>\n<link rel=\"canonical\" href=\"https:\/\/starguinchos.com.br\/index.php\/servicos\/troca-de-pneu\/\" \/>\n<meta property=\"og:locale\" content=\"pt_BR\" \/>\n<meta property=\"og:type\" content=\"article\" \/>\n<meta property=\"og:title\" content=\"Troca de Pneu - Star Guinchos\" \/>\n<meta property=\"og:description\" content=\"[vc_row wrap_container=&#8221;yes&#8221;][vc_column el_class=&#8221;order-lg-2&#8243; offset=&#8221;vc_col-lg-8 vc_col-md-8&#8243;][vc_column_text css=&#8221;.vc_custom_1655394512723{margin-bottom: 20px !important;}&#8221;] Guincho Sorocaba &nbsp; Pneu furou? Sem problema a Star Guincho envia um ve\u00edculo auxiliar para que voc\u00ea n\u00e3o precise se preocupar com isso&#8230;deixe o servi\u00e7o pesado com a gente[\/vc_column_text][porto_ultimate_content_box box_shadow=&#8221;horizontal:px|vertical:px|blur:px|spread:px|style:none|&#8221; el_class=&#8221;bg-primary py-5 custom-border-radius-1&#8243; hover_box_shadow=&#8221;horizontal:px|vertical:px|blur:px|spread:px|style:inherit|&#8221; css_contentbox=&#8221;.vc_custom_1640813573101{padding-right: 2rem !important;padding-left: 2rem !important;}&#8221;][vc_custom_heading text=&#8221;PRECISA DE NOSSOS SERVI\u00c7OS?&#8221; font_container=&#8221;tag:h3|font_size:14px|text_align:center|color:%23ffffff|line_height:1&#8243; use_theme_fonts=&#8221;yes&#8221; font_weight=&#8221;500&#8243; letter_spacing=&#8221;-0.7px&#8221; [&hellip;]\" \/>\n<meta property=\"og:url\" content=\"https:\/\/starguinchos.com.br\/index.php\/servicos\/troca-de-pneu\/\" \/>\n<meta property=\"og:site_name\" content=\"Star Guinchos\" \/>\n<meta property=\"article:modified_time\" content=\"2022-06-16T15:48:30+00:00\" \/>\n<meta name=\"twitter:card\" content=\"summary_large_image\" \/>\n<meta name=\"twitter:label1\" content=\"Est. tempo de leitura\" \/>\n\t<meta name=\"twitter:data1\" content=\"2 minutos\" \/>\n<script type=\"application\/ld+json\" class=\"yoast-schema-graph\">{\"@context\":\"https:\\\/\\\/schema.org\",\"@graph\":[{\"@type\":\"WebPage\",\"@id\":\"https:\\\/\\\/starguinchos.com.br\\\/index.php\\\/servicos\\\/troca-de-pneu\\\/\",\"url\":\"https:\\\/\\\/starguinchos.com.br\\\/index.php\\\/servicos\\\/troca-de-pneu\\\/\",\"name\":\"Troca de Pneu - Star Guinchos\",\"isPartOf\":{\"@id\":\"https:\\\/\\\/starguinchos.com.br\\\/#website\"},\"datePublished\":\"2020-12-25T18:11:16+00:00\",\"dateModified\":\"2022-06-16T15:48:30+00:00\",\"breadcrumb\":{\"@id\":\"https:\\\/\\\/starguinchos.com.br\\\/index.php\\\/servicos\\\/troca-de-pneu\\\/#breadcrumb\"},\"inLanguage\":\"pt-BR\",\"potentialAction\":[{\"@type\":\"ReadAction\",\"target\":[\"https:\\\/\\\/starguinchos.com.br\\\/index.php\\\/servicos\\\/troca-de-pneu\\\/\"]}]},{\"@type\":\"BreadcrumbList\",\"@id\":\"https:\\\/\\\/starguinchos.com.br\\\/index.php\\\/servicos\\\/troca-de-pneu\\\/#breadcrumb\",\"itemListElement\":[{\"@type\":\"ListItem\",\"position\":1,\"name\":\"In\u00edcio\",\"item\":\"https:\\\/\\\/starguinchos.com.br\\\/\"},{\"@type\":\"ListItem\",\"position\":2,\"name\":\"Servi\u00e7os\",\"item\":\"https:\\\/\\\/starguinchos.com.br\\\/index.php\\\/servicos\\\/\"},{\"@type\":\"ListItem\",\"position\":3,\"name\":\"Troca de Pneu\"}]},{\"@type\":\"WebSite\",\"@id\":\"https:\\\/\\\/starguinchos.com.br\\\/#website\",\"url\":\"https:\\\/\\\/starguinchos.com.br\\\/\",\"name\":\"Star Guinchos\",\"description\":\"Melhor Guincho de Sorocaba\",\"publisher\":{\"@id\":\"https:\\\/\\\/starguinchos.com.br\\\/#organization\"},\"potentialAction\":[{\"@type\":\"SearchAction\",\"target\":{\"@type\":\"EntryPoint\",\"urlTemplate\":\"https:\\\/\\\/starguinchos.com.br\\\/?s={search_term_string}\"},\"query-input\":{\"@type\":\"PropertyValueSpecification\",\"valueRequired\":true,\"valueName\":\"search_term_string\"}}],\"inLanguage\":\"pt-BR\"},{\"@type\":\"Organization\",\"@id\":\"https:\\\/\\\/starguinchos.com.br\\\/#organization\",\"name\":\"Guincho em Sorocaba\",\"url\":\"https:\\\/\\\/starguinchos.com.br\\\/\",\"logo\":{\"@type\":\"ImageObject\",\"inLanguage\":\"pt-BR\",\"@id\":\"https:\\\/\\\/starguinchos.com.br\\\/#\\\/schema\\\/logo\\\/image\\\/\",\"url\":\"https:\\\/\\\/starguinchos.com.br\\\/wp-content\\\/uploads\\\/2022\\\/03\\\/logo-okok.png\",\"contentUrl\":\"https:\\\/\\\/starguinchos.com.br\\\/wp-content\\\/uploads\\\/2022\\\/03\\\/logo-okok.png\",\"width\":1163,\"height\":326,\"caption\":\"Guincho em Sorocaba\"},\"image\":{\"@id\":\"https:\\\/\\\/starguinchos.com.br\\\/#\\\/schema\\\/logo\\\/image\\\/\"}}]}<\/script>\n<!-- \/ Yoast SEO plugin. -->","yoast_head_json":{"title":"Troca de Pneu - Star Guinchos","robots":{"index":"index","follow":"follow","max-snippet":"max-snippet:-1","max-image-preview":"max-image-preview:large","max-video-preview":"max-video-preview:-1"},"canonical":"https:\/\/starguinchos.com.br\/index.php\/servicos\/troca-de-pneu\/","og_locale":"pt_BR","og_type":"article","og_title":"Troca de Pneu - Star Guinchos","og_description":"[vc_row wrap_container=&#8221;yes&#8221;][vc_column el_class=&#8221;order-lg-2&#8243; offset=&#8221;vc_col-lg-8 vc_col-md-8&#8243;][vc_column_text css=&#8221;.vc_custom_1655394512723{margin-bottom: 20px !important;}&#8221;] Guincho Sorocaba &nbsp; Pneu furou? Sem problema a Star Guincho envia um ve\u00edculo auxiliar para que voc\u00ea n\u00e3o precise se preocupar com isso&#8230;deixe o servi\u00e7o pesado com a gente[\/vc_column_text][porto_ultimate_content_box box_shadow=&#8221;horizontal:px|vertical:px|blur:px|spread:px|style:none|&#8221; el_class=&#8221;bg-primary py-5 custom-border-radius-1&#8243; hover_box_shadow=&#8221;horizontal:px|vertical:px|blur:px|spread:px|style:inherit|&#8221; css_contentbox=&#8221;.vc_custom_1640813573101{padding-right: 2rem !important;padding-left: 2rem !important;}&#8221;][vc_custom_heading text=&#8221;PRECISA DE NOSSOS SERVI\u00c7OS?&#8221; font_container=&#8221;tag:h3|font_size:14px|text_align:center|color:%23ffffff|line_height:1&#8243; use_theme_fonts=&#8221;yes&#8221; font_weight=&#8221;500&#8243; letter_spacing=&#8221;-0.7px&#8221; [&hellip;]","og_url":"https:\/\/starguinchos.com.br\/index.php\/servicos\/troca-de-pneu\/","og_site_name":"Star Guinchos","article_modified_time":"2022-06-16T15:48:30+00:00","twitter_card":"summary_large_image","twitter_misc":{"Est. tempo de leitura":"2 minutos"},"schema":{"@context":"https:\/\/schema.org","@graph":[{"@type":"WebPage","@id":"https:\/\/starguinchos.com.br\/index.php\/servicos\/troca-de-pneu\/","url":"https:\/\/starguinchos.com.br\/index.php\/servicos\/troca-de-pneu\/","name":"Troca de Pneu - Star Guinchos","isPartOf":{"@id":"https:\/\/starguinchos.com.br\/#website"},"datePublished":"2020-12-25T18:11:16+00:00","dateModified":"2022-06-16T15:48:30+00:00","breadcrumb":{"@id":"https:\/\/starguinchos.com.br\/index.php\/servicos\/troca-de-pneu\/#breadcrumb"},"inLanguage":"pt-BR","potentialAction":[{"@type":"ReadAction","target":["https:\/\/starguinchos.com.br\/index.php\/servicos\/troca-de-pneu\/"]}]},{"@type":"BreadcrumbList","@id":"https:\/\/starguinchos.com.br\/index.php\/servicos\/troca-de-pneu\/#breadcrumb","itemListElement":[{"@type":"ListItem","position":1,"name":"In\u00edcio","item":"https:\/\/starguinchos.com.br\/"},{"@type":"ListItem","position":2,"name":"Servi\u00e7os","item":"https:\/\/starguinchos.com.br\/index.php\/servicos\/"},{"@type":"ListItem","position":3,"name":"Troca de Pneu"}]},{"@type":"WebSite","@id":"https:\/\/starguinchos.com.br\/#website","url":"https:\/\/starguinchos.com.br\/","name":"Star Guinchos","description":"Melhor Guincho de Sorocaba","publisher":{"@id":"https:\/\/starguinchos.com.br\/#organization"},"potentialAction":[{"@type":"SearchAction","target":{"@type":"EntryPoint","urlTemplate":"https:\/\/starguinchos.com.br\/?s={search_term_string}"},"query-input":{"@type":"PropertyValueSpecification","valueRequired":true,"valueName":"search_term_string"}}],"inLanguage":"pt-BR"},{"@type":"Organization","@id":"https:\/\/starguinchos.com.br\/#organization","name":"Guincho em Sorocaba","url":"https:\/\/starguinchos.com.br\/","logo":{"@type":"ImageObject","inLanguage":"pt-BR","@id":"https:\/\/starguinchos.com.br\/#\/schema\/logo\/image\/","url":"https:\/\/starguinchos.com.br\/wp-content\/uploads\/2022\/03\/logo-okok.png","contentUrl":"https:\/\/starguinchos.com.br\/wp-content\/uploads\/2022\/03\/logo-okok.png","width":1163,"height":326,"caption":"Guincho em Sorocaba"},"image":{"@id":"https:\/\/starguinchos.com.br\/#\/schema\/logo\/image\/"}}]}},"_links":{"self":[{"href":"https:\/\/starguinchos.com.br\/index.php\/wp-json\/wp\/v2\/pages\/36","targetHints":{"allow":["GET"]}}],"collection":[{"href":"https:\/\/starguinchos.com.br\/index.php\/wp-json\/wp\/v2\/pages"}],"about":[{"href":"https:\/\/starguinchos.com.br\/index.php\/wp-json\/wp\/v2\/types\/page"}],"author":[{"embeddable":true,"href":"https:\/\/starguinchos.com.br\/index.php\/wp-json\/wp\/v2\/users\/1"}],"replies":[{"embeddable":true,"href":"https:\/\/starguinchos.com.br\/index.php\/wp-json\/wp\/v2\/comments?post=36"}],"version-history":[{"count":3,"href":"https:\/\/starguinchos.com.br\/index.php\/wp-json\/wp\/v2\/pages\/36\/revisions"}],"predecessor-version":[{"id":963,"href":"https:\/\/starguinchos.com.br\/index.php\/wp-json\/wp\/v2\/pages\/36\/revisions\/963"}],"up":[{"embeddable":true,"href":"https:\/\/starguinchos.com.br\/index.php\/wp-json\/wp\/v2\/pages\/16"}],"wp:attachment":[{"href":"https:\/\/starguinchos.com.br\/index.php\/wp-json\/wp\/v2\/media?parent=36"}],"curies":[{"name":"wp","href":"https:\/\/api.w.org\/{rel}","templated":true}]}}